{"id":2272,"date":"2023-11-09T13:03:23","date_gmt":"2023-11-09T13:03:23","guid":{"rendered":"https:\/\/www.drohnen-praxis.ch\/partenaire\/"},"modified":"2024-01-05T15:48:28","modified_gmt":"2024-01-05T15:48:28","slug":"partenaire","status":"publish","type":"page","link":"https:\/\/www.drohnen-praxis.ch\/fr\/partenaire\/","title":{"rendered":"partenaire"},"content":{"rendered":"\t\t<div data-elementor-type=\"wp-page\" data-elementor-id=\"2272\" class=\"elementor elementor-2272 elementor-1857\" data-elementor-post-type=\"page\">\n\t\t\t\t<div class=\"elementor-element elementor-element-5487b83 e-flex e-con-boxed e-con e-parent\" data-id=\"5487b83\" data-element_type=\"container\" data-e-type=\"container\">\n\t\t\t\t\t<div class=\"e-con-inner\">\n\t\t\t\t<div class=\"elementor-element elementor-element-c9e35b2 elementor-widget-divider--view-line elementor-widget elementor-widget-divider\" data-id=\"c9e35b2\" data-element_type=\"widget\" data-e-type=\"widget\" data-widget_type=\"divider.default\">\n\t\t\t\t<div class=\"elementor-widget-container\">\n\t\t\t\t\t\t\t<div class=\"elementor-divider\">\n\t\t\t<span class=\"elementor-divider-separator\">\n\t\t\t\t\t\t<\/span>\n\t\t<\/div>\n\t\t\t\t\t\t<\/div>\n\t\t\t\t<\/div>\n\t\t\t\t\t<\/div>\n\t\t\t\t<\/div>\n\t\t<div class=\"elementor-element elementor-element-3d408c5 e-flex e-con-boxed e-con e-parent\" data-id=\"3d408c5\" data-element_type=\"container\" data-e-type=\"container\">\n\t\t\t\t\t<div class=\"e-con-inner\">\n\t\t<div class=\"elementor-element elementor-element-6b88996 e-con-full e-flex e-con e-child\" data-id=\"6b88996\" data-element_type=\"container\" data-e-type=\"container\">\n\t\t\t\t<div class=\"elementor-element elementor-element-7d1f6ef elementor-widget elementor-widget-image\" data-id=\"7d1f6ef\" data-element_type=\"widget\" data-e-type=\"widget\" data-widget_type=\"image.default\">\n\t\t\t\t<div class=\"elementor-widget-container\">\n\t\t\t\t\t\t\t\t\t\t\t\t\t\t\t<img fetchpriority=\"high\" decoding=\"async\" width=\"420\" height=\"153\" src=\"https:\/\/www.drohnen-praxis.ch\/wp-content\/uploads\/2023\/11\/Logo-Schwarz-klein.png\" class=\"attachment-full size-full wp-image-2232\" alt=\"\" srcset=\"https:\/\/www.drohnen-praxis.ch\/wp-content\/uploads\/2023\/11\/Logo-Schwarz-klein.png 420w, https:\/\/www.drohnen-praxis.ch\/wp-content\/uploads\/2023\/11\/Logo-Schwarz-klein-300x109.png 300w\" sizes=\"(max-width: 420px) 100vw, 420px\" \/>\t\t\t\t\t\t\t\t\t\t\t\t\t\t\t<\/div>\n\t\t\t\t<\/div>\n\t\t\t\t<\/div>\n\t\t<div class=\"elementor-element elementor-element-15ab7a8 e-con-full e-flex e-con e-child\" data-id=\"15ab7a8\" data-element_type=\"container\" data-e-type=\"container\">\n\t\t\t\t<div class=\"elementor-element elementor-element-3ae87a2 elementor-widget elementor-widget-text-editor\" data-id=\"3ae87a2\" data-element_type=\"widget\" data-e-type=\"widget\" data-widget_type=\"text-editor.default\">\n\t\t\t\t<div class=\"elementor-widget-container\">\n\t\t\t\t\t\t\t\t\t<h1>Visites virtuelles &amp; panoramas a\u00e9riens.<\/h1>\n<div class=\"elementor-widget-container\">\n<p>Pr\u00e9sentation de pointe pour les int\u00e9rieurs et les environnements. Nous utilisons les derni\u00e8res technologies pour garantir votre apparence parfaite !<\/p>\n<\/div>\n\t\t\t\t\t\t\t\t<\/div>\n\t\t\t\t<\/div>\n\t\t\t\t<div class=\"elementor-element elementor-element-cd0da9d elementor-align-left elementor-mobile-align-center elementor-widget elementor-widget-button\" data-id=\"cd0da9d\" data-element_type=\"widget\" data-e-type=\"widget\" data-widget_type=\"button.default\">\n\t\t\t\t<div class=\"elementor-widget-container\">\n\t\t\t\t\t\t\t\t\t<div class=\"elementor-button-wrapper\">\n\t\t\t\t\t<a class=\"elementor-button elementor-button-link elementor-size-md\" href=\"https:\/\/viewit.ch\/\">\n\t\t\t\t\t\t<span class=\"elementor-button-content-wrapper\">\n\t\t\t\t\t\t\t\t\t<span class=\"elementor-button-text\">Allez sur Viewit<\/span>\n\t\t\t\t\t<\/span>\n\t\t\t\t\t<\/a>\n\t\t\t\t<\/div>\n\t\t\t\t\t\t\t\t<\/div>\n\t\t\t\t<\/div>\n\t\t\t\t<\/div>\n\t\t\t\t\t<\/div>\n\t\t\t\t<\/div>\n\t\t<div class=\"elementor-element elementor-element-8aeb1db e-flex e-con-boxed e-con e-parent\" data-id=\"8aeb1db\" data-element_type=\"container\" data-e-type=\"container\">\n\t\t\t\t\t<div class=\"e-con-inner\">\n\t\t\t\t<div class=\"elementor-element elementor-element-f10aaf9 elementor-widget-divider--view-line elementor-widget elementor-widget-divider\" data-id=\"f10aaf9\" data-element_type=\"widget\" data-e-type=\"widget\" data-widget_type=\"divider.default\">\n\t\t\t\t<div class=\"elementor-widget-container\">\n\t\t\t\t\t\t\t<div class=\"elementor-divider\">\n\t\t\t<span class=\"elementor-divider-separator\">\n\t\t\t\t\t\t<\/span>\n\t\t<\/div>\n\t\t\t\t\t\t<\/div>\n\t\t\t\t<\/div>\n\t\t\t\t\t<\/div>\n\t\t\t\t<\/div>\n\t\t<div class=\"elementor-element elementor-element-4832fc1 e-flex e-con-boxed e-con e-parent\" data-id=\"4832fc1\" data-element_type=\"container\" data-e-type=\"container\">\n\t\t\t\t\t<div class=\"e-con-inner\">\n\t\t<div class=\"elementor-element elementor-element-f6f01c9 e-con-full e-flex e-con e-child\" data-id=\"f6f01c9\" data-element_type=\"container\" data-e-type=\"container\">\n\t\t\t\t<div class=\"elementor-element elementor-element-203e153 elementor-widget elementor-widget-image\" data-id=\"203e153\" data-element_type=\"widget\" data-e-type=\"widget\" data-widget_type=\"image.default\">\n\t\t\t\t<div class=\"elementor-widget-container\">\n\t\t\t\t\t\t\t\t\t\t\t\t\t\t\t<img decoding=\"async\" width=\"250\" height=\"150\" src=\"https:\/\/www.drohnen-praxis.ch\/wp-content\/uploads\/2023\/11\/logo.png\" class=\"attachment-full size-full wp-image-2230\" alt=\"\" \/>\t\t\t\t\t\t\t\t\t\t\t\t\t\t\t<\/div>\n\t\t\t\t<\/div>\n\t\t\t\t<\/div>\n\t\t<div class=\"elementor-element elementor-element-31a543c e-con-full e-flex e-con e-child\" data-id=\"31a543c\" data-element_type=\"container\" data-e-type=\"container\">\n\t\t\t\t<div class=\"elementor-element elementor-element-9ab5b11 elementor-widget elementor-widget-text-editor\" data-id=\"9ab5b11\" data-element_type=\"widget\" data-e-type=\"widget\" data-widget_type=\"text-editor.default\">\n\t\t\t\t<div class=\"elementor-widget-container\">\n\t\t\t\t\t\t\t\t\t<h1>123-Drohnenkurse.ch<\/h1>\n<p>Gilbert Wyrsch expert drone et instructeur de cours.<\/p>\n\t\t\t\t\t\t\t\t<\/div>\n\t\t\t\t<\/div>\n\t\t\t\t<div class=\"elementor-element elementor-element-de7c82e elementor-align-left elementor-mobile-align-center elementor-widget elementor-widget-button\" data-id=\"de7c82e\" data-element_type=\"widget\" data-e-type=\"widget\" data-widget_type=\"button.default\">\n\t\t\t\t<div class=\"elementor-widget-container\">\n\t\t\t\t\t\t\t\t\t<div class=\"elementor-button-wrapper\">\n\t\t\t\t\t<a class=\"elementor-button elementor-button-link elementor-size-md\" href=\"https:\/\/www.123-drohnenkurse.ch\/\">\n\t\t\t\t\t\t<span class=\"elementor-button-content-wrapper\">\n\t\t\t\t\t\t\t\t\t<span class=\"elementor-button-text\">Acc\u00e9dez aux 123-Drohnenkurse<\/span>\n\t\t\t\t\t<\/span>\n\t\t\t\t\t<\/a>\n\t\t\t\t<\/div>\n\t\t\t\t\t\t\t\t<\/div>\n\t\t\t\t<\/div>\n\t\t\t\t<\/div>\n\t\t\t\t\t<\/div>\n\t\t\t\t<\/div>\n\t\t<div class=\"elementor-element elementor-element-4f0cac1 e-flex e-con-boxed e-con e-parent\" data-id=\"4f0cac1\" data-element_type=\"container\" data-e-type=\"container\">\n\t\t\t\t\t<div class=\"e-con-inner\">\n\t\t\t\t<div class=\"elementor-element elementor-element-6b4324f elementor-widget-divider--view-line elementor-widget elementor-widget-divider\" data-id=\"6b4324f\" data-element_type=\"widget\" data-e-type=\"widget\" data-widget_type=\"divider.default\">\n\t\t\t\t<div class=\"elementor-widget-container\">\n\t\t\t\t\t\t\t<div class=\"elementor-divider\">\n\t\t\t<span class=\"elementor-divider-separator\">\n\t\t\t\t\t\t<\/span>\n\t\t<\/div>\n\t\t\t\t\t\t<\/div>\n\t\t\t\t<\/div>\n\t\t\t\t\t<\/div>\n\t\t\t\t<\/div>\n\t\t\t\t<\/div>\n\t\t","protected":false},"excerpt":{"rendered":"<p>Visites virtuelles &amp; panoramas a\u00e9riens. Pr\u00e9sentation de pointe pour les int\u00e9rieurs et les environnements. Nous utilisons les derni\u00e8res technologies pour garantir votre apparence parfaite ! Allez sur Viewit 123-Drohnenkurse.ch Gilbert Wyrsch expert drone et instructeur de cours. Acc\u00e9dez aux 123-Drohnenkurse<\/p>\n","protected":false},"author":1,"featured_media":0,"parent":0,"menu_order":0,"comment_status":"closed","ping_status":"closed","template":"","meta":{"_acf_changed":false,"footnotes":""},"class_list":["post-2272","page","type-page","status-publish","hentry"],"acf":[],"yoast_head":"<!-- This site is optimized with the Yoast SEO plugin v27.5 - https:\/\/yoast.com\/product\/yoast-seo-wordpress\/ -->\n<title>partenaire - Drohnen Praxis<\/title>\n<meta name=\"robots\" content=\"index, follow, max-snippet:-1, max-image-preview:large, max-video-preview:-1\" \/>\n<link rel=\"canonical\" href=\"https:\/\/www.drohnen-praxis.ch\/fr\/partenaire\/\" \/>\n<meta property=\"og:locale\" content=\"fr_FR\" \/>\n<meta property=\"og:type\" content=\"article\" \/>\n<meta property=\"og:title\" content=\"partenaire - Drohnen Praxis\" \/>\n<meta property=\"og:description\" content=\"Visites virtuelles &amp; panoramas a\u00e9riens. Pr\u00e9sentation de pointe pour les int\u00e9rieurs et les environnements. Nous utilisons les derni\u00e8res technologies pour garantir votre apparence parfaite ! Allez sur Viewit 123-Drohnenkurse.ch Gilbert Wyrsch expert drone et instructeur de cours. Acc\u00e9dez aux 123-Drohnenkurse\" \/>\n<meta property=\"og:url\" content=\"https:\/\/www.drohnen-praxis.ch\/fr\/partenaire\/\" \/>\n<meta property=\"og:site_name\" content=\"Drohnen Praxis\" \/>\n<meta property=\"article:modified_time\" content=\"2024-01-05T15:48:28+00:00\" \/>\n<meta property=\"og:image\" content=\"https:\/\/www.drohnen-praxis.ch\/wp-content\/uploads\/2023\/11\/Logo-Schwarz-klein.png\" \/>\n<meta name=\"twitter:card\" content=\"summary_large_image\" \/>\n<script type=\"application\/ld+json\" class=\"yoast-schema-graph\">{\"@context\":\"https:\\\/\\\/schema.org\",\"@graph\":[{\"@type\":\"WebPage\",\"@id\":\"https:\\\/\\\/www.drohnen-praxis.ch\\\/fr\\\/partenaire\\\/\",\"url\":\"https:\\\/\\\/www.drohnen-praxis.ch\\\/fr\\\/partenaire\\\/\",\"name\":\"partenaire - Drohnen Praxis\",\"isPartOf\":{\"@id\":\"https:\\\/\\\/www.drohnen-praxis.ch\\\/fr\\\/#website\"},\"primaryImageOfPage\":{\"@id\":\"https:\\\/\\\/www.drohnen-praxis.ch\\\/fr\\\/partenaire\\\/#primaryimage\"},\"image\":{\"@id\":\"https:\\\/\\\/www.drohnen-praxis.ch\\\/fr\\\/partenaire\\\/#primaryimage\"},\"thumbnailUrl\":\"https:\\\/\\\/www.drohnen-praxis.ch\\\/wp-content\\\/uploads\\\/2023\\\/11\\\/Logo-Schwarz-klein.png\",\"datePublished\":\"2023-11-09T13:03:23+00:00\",\"dateModified\":\"2024-01-05T15:48:28+00:00\",\"breadcrumb\":{\"@id\":\"https:\\\/\\\/www.drohnen-praxis.ch\\\/fr\\\/partenaire\\\/#breadcrumb\"},\"inLanguage\":\"fr-FR\",\"potentialAction\":[{\"@type\":\"ReadAction\",\"target\":[\"https:\\\/\\\/www.drohnen-praxis.ch\\\/fr\\\/partenaire\\\/\"]}]},{\"@type\":\"ImageObject\",\"inLanguage\":\"fr-FR\",\"@id\":\"https:\\\/\\\/www.drohnen-praxis.ch\\\/fr\\\/partenaire\\\/#primaryimage\",\"url\":\"https:\\\/\\\/www.drohnen-praxis.ch\\\/wp-content\\\/uploads\\\/2023\\\/11\\\/Logo-Schwarz-klein.png\",\"contentUrl\":\"https:\\\/\\\/www.drohnen-praxis.ch\\\/wp-content\\\/uploads\\\/2023\\\/11\\\/Logo-Schwarz-klein.png\"},{\"@type\":\"BreadcrumbList\",\"@id\":\"https:\\\/\\\/www.drohnen-praxis.ch\\\/fr\\\/partenaire\\\/#breadcrumb\",\"itemListElement\":[{\"@type\":\"ListItem\",\"position\":1,\"name\":\"Startseite\",\"item\":\"https:\\\/\\\/www.drohnen-praxis.ch\\\/fr\\\/pratique-des-drones\\\/\"},{\"@type\":\"ListItem\",\"position\":2,\"name\":\"partenaire\"}]},{\"@type\":\"WebSite\",\"@id\":\"https:\\\/\\\/www.drohnen-praxis.ch\\\/fr\\\/#website\",\"url\":\"https:\\\/\\\/www.drohnen-praxis.ch\\\/fr\\\/\",\"name\":\"Drohnen Praxis\",\"description\":\"DJI Drohnen Reparatur\",\"publisher\":{\"@id\":\"https:\\\/\\\/www.drohnen-praxis.ch\\\/fr\\\/#organization\"},\"potentialAction\":[{\"@type\":\"SearchAction\",\"target\":{\"@type\":\"EntryPoint\",\"urlTemplate\":\"https:\\\/\\\/www.drohnen-praxis.ch\\\/fr\\\/?s={search_term_string}\"},\"query-input\":{\"@type\":\"PropertyValueSpecification\",\"valueRequired\":true,\"valueName\":\"search_term_string\"}}],\"inLanguage\":\"fr-FR\"},{\"@type\":\"Organization\",\"@id\":\"https:\\\/\\\/www.drohnen-praxis.ch\\\/fr\\\/#organization\",\"name\":\"Drohnen Praxis\",\"url\":\"https:\\\/\\\/www.drohnen-praxis.ch\\\/fr\\\/\",\"logo\":{\"@type\":\"ImageObject\",\"inLanguage\":\"fr-FR\",\"@id\":\"https:\\\/\\\/www.drohnen-praxis.ch\\\/fr\\\/#\\\/schema\\\/logo\\\/image\\\/\",\"url\":\"https:\\\/\\\/www.drohnen-praxis.ch\\\/wp-content\\\/uploads\\\/2023\\\/01\\\/Drohnen-Praxis.svg\",\"contentUrl\":\"https:\\\/\\\/www.drohnen-praxis.ch\\\/wp-content\\\/uploads\\\/2023\\\/01\\\/Drohnen-Praxis.svg\",\"width\":829,\"height\":551,\"caption\":\"Drohnen Praxis\"},\"image\":{\"@id\":\"https:\\\/\\\/www.drohnen-praxis.ch\\\/fr\\\/#\\\/schema\\\/logo\\\/image\\\/\"}}]}<\/script>\n<!-- \/ Yoast SEO plugin. -->","yoast_head_json":{"title":"partenaire - Drohnen Praxis","robots":{"index":"index","follow":"follow","max-snippet":"max-snippet:-1","max-image-preview":"max-image-preview:large","max-video-preview":"max-video-preview:-1"},"canonical":"https:\/\/www.drohnen-praxis.ch\/fr\/partenaire\/","og_locale":"fr_FR","og_type":"article","og_title":"partenaire - Drohnen Praxis","og_description":"Visites virtuelles &amp; panoramas a\u00e9riens. Pr\u00e9sentation de pointe pour les int\u00e9rieurs et les environnements. Nous utilisons les derni\u00e8res technologies pour garantir votre apparence parfaite ! Allez sur Viewit 123-Drohnenkurse.ch Gilbert Wyrsch expert drone et instructeur de cours. Acc\u00e9dez aux 123-Drohnenkurse","og_url":"https:\/\/www.drohnen-praxis.ch\/fr\/partenaire\/","og_site_name":"Drohnen Praxis","article_modified_time":"2024-01-05T15:48:28+00:00","og_image":[{"url":"https:\/\/www.drohnen-praxis.ch\/wp-content\/uploads\/2023\/11\/Logo-Schwarz-klein.png","type":"","width":"","height":""}],"twitter_card":"summary_large_image","schema":{"@context":"https:\/\/schema.org","@graph":[{"@type":"WebPage","@id":"https:\/\/www.drohnen-praxis.ch\/fr\/partenaire\/","url":"https:\/\/www.drohnen-praxis.ch\/fr\/partenaire\/","name":"partenaire - Drohnen Praxis","isPartOf":{"@id":"https:\/\/www.drohnen-praxis.ch\/fr\/#website"},"primaryImageOfPage":{"@id":"https:\/\/www.drohnen-praxis.ch\/fr\/partenaire\/#primaryimage"},"image":{"@id":"https:\/\/www.drohnen-praxis.ch\/fr\/partenaire\/#primaryimage"},"thumbnailUrl":"https:\/\/www.drohnen-praxis.ch\/wp-content\/uploads\/2023\/11\/Logo-Schwarz-klein.png","datePublished":"2023-11-09T13:03:23+00:00","dateModified":"2024-01-05T15:48:28+00:00","breadcrumb":{"@id":"https:\/\/www.drohnen-praxis.ch\/fr\/partenaire\/#breadcrumb"},"inLanguage":"fr-FR","potentialAction":[{"@type":"ReadAction","target":["https:\/\/www.drohnen-praxis.ch\/fr\/partenaire\/"]}]},{"@type":"ImageObject","inLanguage":"fr-FR","@id":"https:\/\/www.drohnen-praxis.ch\/fr\/partenaire\/#primaryimage","url":"https:\/\/www.drohnen-praxis.ch\/wp-content\/uploads\/2023\/11\/Logo-Schwarz-klein.png","contentUrl":"https:\/\/www.drohnen-praxis.ch\/wp-content\/uploads\/2023\/11\/Logo-Schwarz-klein.png"},{"@type":"BreadcrumbList","@id":"https:\/\/www.drohnen-praxis.ch\/fr\/partenaire\/#breadcrumb","itemListElement":[{"@type":"ListItem","position":1,"name":"Startseite","item":"https:\/\/www.drohnen-praxis.ch\/fr\/pratique-des-drones\/"},{"@type":"ListItem","position":2,"name":"partenaire"}]},{"@type":"WebSite","@id":"https:\/\/www.drohnen-praxis.ch\/fr\/#website","url":"https:\/\/www.drohnen-praxis.ch\/fr\/","name":"Drohnen Praxis","description":"DJI Drohnen Reparatur","publisher":{"@id":"https:\/\/www.drohnen-praxis.ch\/fr\/#organization"},"potentialAction":[{"@type":"SearchAction","target":{"@type":"EntryPoint","urlTemplate":"https:\/\/www.drohnen-praxis.ch\/fr\/?s={search_term_string}"},"query-input":{"@type":"PropertyValueSpecification","valueRequired":true,"valueName":"search_term_string"}}],"inLanguage":"fr-FR"},{"@type":"Organization","@id":"https:\/\/www.drohnen-praxis.ch\/fr\/#organization","name":"Drohnen Praxis","url":"https:\/\/www.drohnen-praxis.ch\/fr\/","logo":{"@type":"ImageObject","inLanguage":"fr-FR","@id":"https:\/\/www.drohnen-praxis.ch\/fr\/#\/schema\/logo\/image\/","url":"https:\/\/www.drohnen-praxis.ch\/wp-content\/uploads\/2023\/01\/Drohnen-Praxis.svg","contentUrl":"https:\/\/www.drohnen-praxis.ch\/wp-content\/uploads\/2023\/01\/Drohnen-Praxis.svg","width":829,"height":551,"caption":"Drohnen Praxis"},"image":{"@id":"https:\/\/www.drohnen-praxis.ch\/fr\/#\/schema\/logo\/image\/"}}]}},"_links":{"self":[{"href":"https:\/\/www.drohnen-praxis.ch\/fr\/wp-json\/wp\/v2\/pages\/2272","targetHints":{"allow":["GET"]}}],"collection":[{"href":"https:\/\/www.drohnen-praxis.ch\/fr\/wp-json\/wp\/v2\/pages"}],"about":[{"href":"https:\/\/www.drohnen-praxis.ch\/fr\/wp-json\/wp\/v2\/types\/page"}],"author":[{"embeddable":true,"href":"https:\/\/www.drohnen-praxis.ch\/fr\/wp-json\/wp\/v2\/users\/1"}],"replies":[{"embeddable":true,"href":"https:\/\/www.drohnen-praxis.ch\/fr\/wp-json\/wp\/v2\/comments?post=2272"}],"version-history":[{"count":1,"href":"https:\/\/www.drohnen-praxis.ch\/fr\/wp-json\/wp\/v2\/pages\/2272\/revisions"}],"predecessor-version":[{"id":2273,"href":"https:\/\/www.drohnen-praxis.ch\/fr\/wp-json\/wp\/v2\/pages\/2272\/revisions\/2273"}],"wp:attachment":[{"href":"https:\/\/www.drohnen-praxis.ch\/fr\/wp-json\/wp\/v2\/media?parent=2272"}],"curies":[{"name":"wp","href":"https:\/\/api.w.org\/{rel}","templated":true}]}}