{"id":2243,"date":"2023-01-17T12:16:43","date_gmt":"2023-01-17T12:16:43","guid":{"rendered":"https:\/\/www.drohnen-praxis.ch\/mentions-legales\/"},"modified":"2024-01-03T20:02:23","modified_gmt":"2024-01-03T20:02:23","slug":"mentions-legales","status":"publish","type":"page","link":"https:\/\/www.drohnen-praxis.ch\/fr\/mentions-legales\/","title":{"rendered":"Mentions l\u00e9gales"},"content":{"rendered":"\t\t<div data-elementor-type=\"wp-page\" data-elementor-id=\"2243\" class=\"elementor elementor-2243 elementor-12\" data-elementor-post-type=\"page\">\n\t\t\t\t\t\t<section class=\"elementor-section elementor-top-section elementor-element elementor-element-88d790a elementor-section-boxed elementor-section-height-default elementor-section-height-default\" data-id=\"88d790a\" data-element_type=\"section\" data-e-type=\"section\">\n\t\t\t\t\t\t<div class=\"elementor-container elementor-column-gap-default\">\n\t\t\t\t\t<div class=\"elementor-column elementor-col-100 elementor-top-column elementor-element elementor-element-af15917\" data-id=\"af15917\" data-element_type=\"column\" data-e-type=\"column\">\n\t\t\t<div class=\"elementor-widget-wrap elementor-element-populated\">\n\t\t\t\t\t\t<div class=\"elementor-element elementor-element-04a8a7a elementor-widget elementor-widget-heading\" data-id=\"04a8a7a\" data-element_type=\"widget\" data-e-type=\"widget\" data-widget_type=\"heading.default\">\n\t\t\t\t<div class=\"elementor-widget-container\">\n\t\t\t\t\t<h1 class=\"elementor-heading-title elementor-size-default\">Mentions l\u00e9gales<\/h1>\t\t\t\t<\/div>\n\t\t\t\t<\/div>\n\t\t\t\t<div class=\"elementor-element elementor-element-7745327 elementor-widget elementor-widget-text-editor\" data-id=\"7745327\" data-element_type=\"widget\" data-e-type=\"widget\" data-widget_type=\"text-editor.default\">\n\t\t\t\t<div class=\"elementor-widget-container\">\n\t\t\t\t\t\t\t\t\t<div class=\"elementor-element elementor-element-892f365 elementor-widget elementor-widget-heading\" data-id=\"892f365\" data-element_type=\"widget\" data-settings=\"{\" data-widget_type=\"heading.default\">\n<div class=\"elementor-widget-container\">\n<p>Autsch GmbH<br \/>Victor Von Bruns-Str. 20<br \/>8212 Neuhausen am Rheinfall<br \/>Schweiz<\/p>\n<\/div>\n<\/div>\n<div class=\"elementor-element elementor-element-382d9bc elementor-widget elementor-widget-text-editor\" data-id=\"382d9bc\" data-element_type=\"widget\" data-settings=\"{\" data-widget_type=\"text-editor.default\">\n<div class=\"elementor-widget-container\">\n<h3>Repr\u00e9sent\u00e9 par:<\/h3>\n<p>Remo Auciello<\/p>\n<h3>Contact:<\/h3>\n<p>T\u00e9l\u00e9phone:<br \/>+41 (0)52 511 63 16  <br \/>E-Mail: kontakt@drohnen-praxis.ch<\/p>\n<h3>Conception, technique et programmation<\/h3>\n<p>Webgorilla GmbH<br \/>Webdesign &amp; Online Marketing<\/p>\n<p><a href=\"https:\/\/webgorilla.ch\/\" target=\"_blank\" rel=\"noopener\">www.webgorilla.ch<\/a><\/p>\n<h3>Inscription au registre:<\/h3>\n<p>Inscription au registre du commerce.<br \/>Registernummer: CH-290-4021704-5<\/p>\n<h3>Umsatzsteuer:<\/h3>\n<p>Umsatzsteuer-Identifikationsnummer gem\u00e4\u00df \u00a727 a Umsatzsteuergesetz:<br \/>CHE-288.089.997 MWST<\/p>\n<\/div>\n<\/div>\n\t\t\t\t\t\t\t\t<\/div>\n\t\t\t\t<\/div>\n\t\t\t\t\t<\/div>\n\t\t<\/div>\n\t\t\t\t\t<\/div>\n\t\t<\/section>\n\t\t\t\t<\/div>\n\t\t","protected":false},"excerpt":{"rendered":"<p>Mentions l\u00e9gales Autsch GmbHVictor Von Bruns-Str. 208212 Neuhausen am RheinfallSchweiz Repr\u00e9sent\u00e9 par: Remo Auciello Contact: T\u00e9l\u00e9phone:+41 (0)52 511 63 16 E-Mail: kontakt@drohnen-praxis.ch Conception, technique et programmation Webgorilla GmbHWebdesign &amp; Online Marketing www.webgorilla.ch Inscription au registre: Inscription au registre du commerce.Registernummer: CH-290-4021704-5 Umsatzsteuer: Umsatzsteuer-Identifikationsnummer gem\u00e4\u00df \u00a727 a Umsatzsteuergesetz:CHE-288.089.997 MWST<\/p>\n","protected":false},"author":1,"featured_media":0,"parent":0,"menu_order":0,"comment_status":"closed","ping_status":"closed","template":"","meta":{"_acf_changed":false,"footnotes":""},"class_list":["post-2243","page","type-page","status-publish","hentry"],"acf":[],"yoast_head":"<!-- This site is optimized with the Yoast SEO plugin v27.5 - https:\/\/yoast.com\/product\/yoast-seo-wordpress\/ -->\n<title>Mentions l\u00e9gales - Drohnen Praxis<\/title>\n<meta name=\"robots\" content=\"noindex, nofollow\" \/>\n<meta property=\"og:locale\" content=\"fr_FR\" \/>\n<meta property=\"og:type\" content=\"article\" \/>\n<meta property=\"og:title\" content=\"Mentions l\u00e9gales - Drohnen Praxis\" \/>\n<meta property=\"og:description\" content=\"Mentions l\u00e9gales Autsch GmbHVictor Von Bruns-Str. 208212 Neuhausen am RheinfallSchweiz Repr\u00e9sent\u00e9 par: Remo Auciello Contact: T\u00e9l\u00e9phone:+41 (0)52 511 63 16 E-Mail: kontakt@drohnen-praxis.ch Conception, technique et programmation Webgorilla GmbHWebdesign &amp; Online Marketing www.webgorilla.ch Inscription au registre: Inscription au registre du commerce.Registernummer: CH-290-4021704-5 Umsatzsteuer: Umsatzsteuer-Identifikationsnummer gem\u00e4\u00df \u00a727 a Umsatzsteuergesetz:CHE-288.089.997 MWST\" \/>\n<meta property=\"og:url\" content=\"https:\/\/www.drohnen-praxis.ch\/fr\/mentions-legales\/\" \/>\n<meta property=\"og:site_name\" content=\"Drohnen Praxis\" \/>\n<meta property=\"article:modified_time\" content=\"2024-01-03T20:02:23+00:00\" \/>\n<meta name=\"twitter:card\" content=\"summary_large_image\" \/>\n<script type=\"application\/ld+json\" class=\"yoast-schema-graph\">{\"@context\":\"https:\\\/\\\/schema.org\",\"@graph\":[{\"@type\":\"WebPage\",\"@id\":\"https:\\\/\\\/www.drohnen-praxis.ch\\\/fr\\\/mentions-legales\\\/\",\"url\":\"https:\\\/\\\/www.drohnen-praxis.ch\\\/fr\\\/mentions-legales\\\/\",\"name\":\"Mentions l\u00e9gales - Drohnen Praxis\",\"isPartOf\":{\"@id\":\"https:\\\/\\\/www.drohnen-praxis.ch\\\/fr\\\/#website\"},\"datePublished\":\"2023-01-17T12:16:43+00:00\",\"dateModified\":\"2024-01-03T20:02:23+00:00\",\"breadcrumb\":{\"@id\":\"https:\\\/\\\/www.drohnen-praxis.ch\\\/fr\\\/mentions-legales\\\/#breadcrumb\"},\"inLanguage\":\"fr-FR\",\"potentialAction\":[{\"@type\":\"ReadAction\",\"target\":[\"https:\\\/\\\/www.drohnen-praxis.ch\\\/fr\\\/mentions-legales\\\/\"]}]},{\"@type\":\"BreadcrumbList\",\"@id\":\"https:\\\/\\\/www.drohnen-praxis.ch\\\/fr\\\/mentions-legales\\\/#breadcrumb\",\"itemListElement\":[{\"@type\":\"ListItem\",\"position\":1,\"name\":\"Startseite\",\"item\":\"https:\\\/\\\/www.drohnen-praxis.ch\\\/fr\\\/pratique-des-drones\\\/\"},{\"@type\":\"ListItem\",\"position\":2,\"name\":\"Mentions l\u00e9gales\"}]},{\"@type\":\"WebSite\",\"@id\":\"https:\\\/\\\/www.drohnen-praxis.ch\\\/fr\\\/#website\",\"url\":\"https:\\\/\\\/www.drohnen-praxis.ch\\\/fr\\\/\",\"name\":\"Drohnen Praxis\",\"description\":\"DJI Drohnen Reparatur\",\"publisher\":{\"@id\":\"https:\\\/\\\/www.drohnen-praxis.ch\\\/fr\\\/#organization\"},\"potentialAction\":[{\"@type\":\"SearchAction\",\"target\":{\"@type\":\"EntryPoint\",\"urlTemplate\":\"https:\\\/\\\/www.drohnen-praxis.ch\\\/fr\\\/?s={search_term_string}\"},\"query-input\":{\"@type\":\"PropertyValueSpecification\",\"valueRequired\":true,\"valueName\":\"search_term_string\"}}],\"inLanguage\":\"fr-FR\"},{\"@type\":\"Organization\",\"@id\":\"https:\\\/\\\/www.drohnen-praxis.ch\\\/fr\\\/#organization\",\"name\":\"Drohnen Praxis\",\"url\":\"https:\\\/\\\/www.drohnen-praxis.ch\\\/fr\\\/\",\"logo\":{\"@type\":\"ImageObject\",\"inLanguage\":\"fr-FR\",\"@id\":\"https:\\\/\\\/www.drohnen-praxis.ch\\\/fr\\\/#\\\/schema\\\/logo\\\/image\\\/\",\"url\":\"https:\\\/\\\/www.drohnen-praxis.ch\\\/wp-content\\\/uploads\\\/2023\\\/01\\\/Drohnen-Praxis.svg\",\"contentUrl\":\"https:\\\/\\\/www.drohnen-praxis.ch\\\/wp-content\\\/uploads\\\/2023\\\/01\\\/Drohnen-Praxis.svg\",\"width\":829,\"height\":551,\"caption\":\"Drohnen Praxis\"},\"image\":{\"@id\":\"https:\\\/\\\/www.drohnen-praxis.ch\\\/fr\\\/#\\\/schema\\\/logo\\\/image\\\/\"}}]}<\/script>\n<!-- \/ Yoast SEO plugin. -->","yoast_head_json":{"title":"Mentions l\u00e9gales - Drohnen Praxis","robots":{"index":"noindex","follow":"nofollow"},"og_locale":"fr_FR","og_type":"article","og_title":"Mentions l\u00e9gales - Drohnen Praxis","og_description":"Mentions l\u00e9gales Autsch GmbHVictor Von Bruns-Str. 208212 Neuhausen am RheinfallSchweiz Repr\u00e9sent\u00e9 par: Remo Auciello Contact: T\u00e9l\u00e9phone:+41 (0)52 511 63 16 E-Mail: kontakt@drohnen-praxis.ch Conception, technique et programmation Webgorilla GmbHWebdesign &amp; Online Marketing www.webgorilla.ch Inscription au registre: Inscription au registre du commerce.Registernummer: CH-290-4021704-5 Umsatzsteuer: Umsatzsteuer-Identifikationsnummer gem\u00e4\u00df \u00a727 a Umsatzsteuergesetz:CHE-288.089.997 MWST","og_url":"https:\/\/www.drohnen-praxis.ch\/fr\/mentions-legales\/","og_site_name":"Drohnen Praxis","article_modified_time":"2024-01-03T20:02:23+00:00","twitter_card":"summary_large_image","schema":{"@context":"https:\/\/schema.org","@graph":[{"@type":"WebPage","@id":"https:\/\/www.drohnen-praxis.ch\/fr\/mentions-legales\/","url":"https:\/\/www.drohnen-praxis.ch\/fr\/mentions-legales\/","name":"Mentions l\u00e9gales - Drohnen Praxis","isPartOf":{"@id":"https:\/\/www.drohnen-praxis.ch\/fr\/#website"},"datePublished":"2023-01-17T12:16:43+00:00","dateModified":"2024-01-03T20:02:23+00:00","breadcrumb":{"@id":"https:\/\/www.drohnen-praxis.ch\/fr\/mentions-legales\/#breadcrumb"},"inLanguage":"fr-FR","potentialAction":[{"@type":"ReadAction","target":["https:\/\/www.drohnen-praxis.ch\/fr\/mentions-legales\/"]}]},{"@type":"BreadcrumbList","@id":"https:\/\/www.drohnen-praxis.ch\/fr\/mentions-legales\/#breadcrumb","itemListElement":[{"@type":"ListItem","position":1,"name":"Startseite","item":"https:\/\/www.drohnen-praxis.ch\/fr\/pratique-des-drones\/"},{"@type":"ListItem","position":2,"name":"Mentions l\u00e9gales"}]},{"@type":"WebSite","@id":"https:\/\/www.drohnen-praxis.ch\/fr\/#website","url":"https:\/\/www.drohnen-praxis.ch\/fr\/","name":"Drohnen Praxis","description":"DJI Drohnen Reparatur","publisher":{"@id":"https:\/\/www.drohnen-praxis.ch\/fr\/#organization"},"potentialAction":[{"@type":"SearchAction","target":{"@type":"EntryPoint","urlTemplate":"https:\/\/www.drohnen-praxis.ch\/fr\/?s={search_term_string}"},"query-input":{"@type":"PropertyValueSpecification","valueRequired":true,"valueName":"search_term_string"}}],"inLanguage":"fr-FR"},{"@type":"Organization","@id":"https:\/\/www.drohnen-praxis.ch\/fr\/#organization","name":"Drohnen Praxis","url":"https:\/\/www.drohnen-praxis.ch\/fr\/","logo":{"@type":"ImageObject","inLanguage":"fr-FR","@id":"https:\/\/www.drohnen-praxis.ch\/fr\/#\/schema\/logo\/image\/","url":"https:\/\/www.drohnen-praxis.ch\/wp-content\/uploads\/2023\/01\/Drohnen-Praxis.svg","contentUrl":"https:\/\/www.drohnen-praxis.ch\/wp-content\/uploads\/2023\/01\/Drohnen-Praxis.svg","width":829,"height":551,"caption":"Drohnen Praxis"},"image":{"@id":"https:\/\/www.drohnen-praxis.ch\/fr\/#\/schema\/logo\/image\/"}}]}},"_links":{"self":[{"href":"https:\/\/www.drohnen-praxis.ch\/fr\/wp-json\/wp\/v2\/pages\/2243","targetHints":{"allow":["GET"]}}],"collection":[{"href":"https:\/\/www.drohnen-praxis.ch\/fr\/wp-json\/wp\/v2\/pages"}],"about":[{"href":"https:\/\/www.drohnen-praxis.ch\/fr\/wp-json\/wp\/v2\/types\/page"}],"author":[{"embeddable":true,"href":"https:\/\/www.drohnen-praxis.ch\/fr\/wp-json\/wp\/v2\/users\/1"}],"replies":[{"embeddable":true,"href":"https:\/\/www.drohnen-praxis.ch\/fr\/wp-json\/wp\/v2\/comments?post=2243"}],"version-history":[{"count":1,"href":"https:\/\/www.drohnen-praxis.ch\/fr\/wp-json\/wp\/v2\/pages\/2243\/revisions"}],"predecessor-version":[{"id":2244,"href":"https:\/\/www.drohnen-praxis.ch\/fr\/wp-json\/wp\/v2\/pages\/2243\/revisions\/2244"}],"wp:attachment":[{"href":"https:\/\/www.drohnen-praxis.ch\/fr\/wp-json\/wp\/v2\/media?parent=2243"}],"curies":[{"name":"wp","href":"https:\/\/api.w.org\/{rel}","templated":true}]}}